{"id":41,"date":"2021-09-07T19:06:09","date_gmt":"2021-09-07T19:06:09","guid":{"rendered":"https:\/\/neu.tus-honau.de\/?page_id=41"},"modified":"2022-03-23T18:18:55","modified_gmt":"2022-03-23T16:18:55","slug":"theater","status":"publish","type":"page","link":"https:\/\/tus-honau.de\/?page_id=41","title":{"rendered":"Theater"},"content":{"rendered":"<p>[et_pb_section fb_built=&#8220;1&#8243; _builder_version=&#8220;4.10.6&#8243; _module_preset=&#8220;default&#8220; global_colors_info=&#8220;{}&#8220; theme_builder_area=&#8220;post_content&#8220;][et_pb_row _builder_version=&#8220;4.10.6&#8243; _module_preset=&#8220;default&#8220; global_colors_info=&#8220;{}&#8220; theme_builder_area=&#8220;post_content&#8220;][et_pb_column type=&#8220;4_4&#8243; _builder_version=&#8220;4.10.6&#8243; _module_preset=&#8220;default&#8220; global_colors_info=&#8220;{}&#8220; theme_builder_area=&#8220;post_content&#8220;][et_pb_text _builder_version=&#8220;4.10.6&#8243; _module_preset=&#8220;default&#8220; global_colors_info=&#8220;{}&#8220; theme_builder_area=&#8220;post_content&#8220;]<\/p>\n<p>Die Theatergruppe<span>\u00a0<\/span><strong>\u201eHonauer Zwiebelb\u00e4uch\u201c<\/strong><span>\u00a0<\/span>besteht seit \u00fcber 30 Jahren.<\/p>\n<p>12 \u201etheaterverr\u00fcckte Schauspieler\u201c, Regisseur Otto Niederer und Souffleuse Cornelia Henker scheuen jedes Jahr weder Zeit noch M\u00fchen um ein neues St\u00fcck einzustudieren, welches dann\u00a0traditionell Anfang Januar im Gemeindehaus Honau aufgef\u00fchrt wird und bisher immer f\u00fcr begeistertes Publikum gesorgt hat.<br \/>Die Spielfreude und der Lokalkolorit zeichnen die Zwiebelb\u00e4uch aus.<\/p>\n<p>Aber wir wagen uns auch au\u00dferhalb des Gemeindehaus mit Sketchen und allerlei Klamauk auf \u201edie Bretter, die die Welt bedeuten\u201c z.B.beim Saisonabschluss der Herzl Alm in Holzelfingen oder beim schw\u00e4bischen Abend im Maximilian in Reutlingen.<\/p>\n<p>Wer die Honauer Zwiebelb\u00e4uch noch nicht kennt hat\u00a0was verpasst!<\/p>\n<p>[\/et_pb_text][el_masonry_gallery image_ids=&#8220;3361,3362,3363,3364,3365,3366,3367,3368,3369,3370&#8243; number_of_columns=&#8220;3&#8243; enable_lightbox=&#8220;on&#8220; _builder_version=&#8220;4.14.7&#8243; _module_preset=&#8220;default&#8220; global_colors_info=&#8220;{}&#8220; theme_builder_area=&#8220;post_content&#8220;][\/el_masonry_gallery][\/et_pb_column][\/et_pb_row][\/et_pb_section]<\/p>\n","protected":false},"excerpt":{"rendered":"<p>Die Theatergruppe\u00a0\u201eHonauer Zwiebelb\u00e4uch\u201c\u00a0besteht seit \u00fcber 30 Jahren. 12 \u201etheaterverr\u00fcckte Schauspieler\u201c, Regisseur Otto Niederer und Souffleuse Cornelia Henker scheuen jedes Jahr weder Zeit noch M\u00fchen um ein neues St\u00fcck einzustudieren, welches dann\u00a0traditionell Anfang Januar im Gemeindehaus Honau aufgef\u00fchrt wird und bisher immer f\u00fcr begeistertes Publikum gesorgt hat.Die Spielfreude und der Lokalkolorit zeichnen die Zwiebelb\u00e4uch aus. Aber [&hellip;]<\/p>\n","protected":false},"author":1,"featured_media":3360,"parent":0,"menu_order":0,"comment_status":"closed","ping_status":"closed","template":"","meta":{"_et_pb_use_builder":"on","_et_pb_old_content":"<!-- wp:divi\/placeholder \/-->","_et_gb_content_width":"","inline_featured_image":false,"footnotes":""},"class_list":["post-41","page","type-page","status-publish","has-post-thumbnail","hentry"],"_links":{"self":[{"href":"https:\/\/tus-honau.de\/index.php?rest_route=\/wp\/v2\/pages\/41","targetHints":{"allow":["GET"]}}],"collection":[{"href":"https:\/\/tus-honau.de\/index.php?rest_route=\/wp\/v2\/pages"}],"about":[{"href":"https:\/\/tus-honau.de\/index.php?rest_route=\/wp\/v2\/types\/page"}],"author":[{"embeddable":true,"href":"https:\/\/tus-honau.de\/index.php?rest_route=\/wp\/v2\/users\/1"}],"replies":[{"embeddable":true,"href":"https:\/\/tus-honau.de\/index.php?rest_route=%2Fwp%2Fv2%2Fcomments&post=41"}],"version-history":[{"count":6,"href":"https:\/\/tus-honau.de\/index.php?rest_route=\/wp\/v2\/pages\/41\/revisions"}],"predecessor-version":[{"id":3619,"href":"https:\/\/tus-honau.de\/index.php?rest_route=\/wp\/v2\/pages\/41\/revisions\/3619"}],"wp:featuredmedia":[{"embeddable":true,"href":"https:\/\/tus-honau.de\/index.php?rest_route=\/wp\/v2\/media\/3360"}],"wp:attachment":[{"href":"https:\/\/tus-honau.de\/index.php?rest_route=%2Fwp%2Fv2%2Fmedia&parent=41"}],"curies":[{"name":"wp","href":"https:\/\/api.w.org\/{rel}","templated":true}]}}