{"id":35,"date":"2021-09-07T19:05:32","date_gmt":"2021-09-07T19:05:32","guid":{"rendered":"https:\/\/neu.tus-honau.de\/?page_id=35"},"modified":"2026-01-08T13:10:41","modified_gmt":"2026-01-08T11:10:41","slug":"leichtathletik","status":"publish","type":"page","link":"https:\/\/tus-honau.de\/?page_id=35","title":{"rendered":"Leichtathletik"},"content":{"rendered":"<p>[et_pb_section fb_built=&#8220;1&#8243; _builder_version=&#8220;4.16&#8243; _module_preset=&#8220;default&#8220; global_colors_info=&#8220;{}&#8220; theme_builder_area=&#8220;post_content&#8220;][et_pb_row _builder_version=&#8220;4.16&#8243; _module_preset=&#8220;default&#8220; global_colors_info=&#8220;{}&#8220; theme_builder_area=&#8220;post_content&#8220;][et_pb_column type=&#8220;4_4&#8243; _builder_version=&#8220;4.16&#8243; _module_preset=&#8220;default&#8220; global_colors_info=&#8220;{}&#8220; theme_builder_area=&#8220;post_content&#8220;][et_pb_text _builder_version=&#8220;4.27.4&#8243; _module_preset=&#8220;default&#8220; hover_enabled=&#8220;0&#8243; global_colors_info=&#8220;{}&#8220; theme_builder_area=&#8220;post_content&#8220; sticky_enabled=&#8220;0&#8243;]Bei unserem Kinderleichtathletik Training steht der Spa\u00df im Vordergrund. In spielerischer Form werden den Kindern die klassischen Disziplinen vermittelt &amp; neue Bewegungsabl\u00e4ufe kennengelernt. Wir h\u00fcpfen, sprinten, werfen, laufen, springen gemeinsam und haben dabei sehr viel Spa\u00df!<\/p>\n<p>&nbsp;<\/p>\n<div class=\"infobox fullwidth\">\n<h4>Training 3-6 Jahre<\/h4>\n<table>\n<tbody>\n<tr>\n<td>Wann<\/td>\n<td>Donnerstag, 16:00 &#8211; 17:00 Uhr<\/td>\n<\/tr>\n<tr>\n<td>Ansprechpartner<\/td>\n<td><span lang=\"DE\">Birgit Reiff<\/span><\/td>\n<\/tr>\n<tr>\n<td><\/td>\n<td><span lang=\"DE\">Spielerisch vermitteln wir erste Grundlagen von Sprint, Weitsprung, Wurf &amp; Co &#8211; kindgerecht, kreativ und mit ganz viel Freude!<\/span><\/td>\n<\/tr>\n<\/tbody>\n<\/table>\n<\/div>\n<div class=\"infobox fullwidth\">\n<h4>Training 1.-3. Klasse<\/h4>\n<table>\n<tbody>\n<tr>\n<td>Wann<\/td>\n<td>Donnerstag, 17:00 &#8211; 18:00 Uhr<\/td>\n<\/tr>\n<tr>\n<td>Ansprechpartner<\/td>\n<td><span lang=\"DE\">Alessandra Frech, 0157 \/ 82323586, alessandra.frech@web.de<\/span><\/td>\n<\/tr>\n<\/tbody>\n<\/table>\n<\/div>\n<div class=\"infobox fullwidth\">\n<h4>Training 4.-7. Klasse<\/h4>\n<table>\n<tbody>\n<tr>\n<td>Wann<\/td>\n<td>Donnerstag, 18:00 &#8211; 19:00 Uhr<\/td>\n<\/tr>\n<tr>\n<td>Ansprechpartner<\/td>\n<td>\n<div><span lang=\"DE\">Alessandra Frech, 0157 \/ 82323586, alessandra.frech@web.de<\/span><\/div>\n<\/td>\n<\/tr>\n<\/tbody>\n<\/table>\n<\/div>\n<div class=\"infobox fullwidth\">\n<h4>Training ab 10. Klasse<\/h4>\n<table>\n<tbody>\n<tr>\n<td>Wann<\/td>\n<td>Dienstag, 18:00 &#8211; 19:00 Uhr<\/td>\n<\/tr>\n<tr>\n<td>Ansprechpartner<\/td>\n<td><span lang=\"DE\">Alessandra Frech, 0157 \/ 82323586, alessandra.frech@web.de<\/span><\/td>\n<\/tr>\n<\/tbody>\n<\/table>\n<\/div>\n<p>[\/et_pb_text][\/et_pb_column][\/et_pb_row][\/et_pb_section]<\/p>\n","protected":false},"excerpt":{"rendered":"<p>Bei unserem Kinderleichtathletik Training steht der Spa\u00df im Vordergrund. In spielerischer Form werden den Kindern die klassischen Disziplinen vermittelt &amp; neue Bewegungsabl\u00e4ufe kennengelernt. Wir h\u00fcpfen, sprinten, werfen, laufen, springen gemeinsam und haben dabei sehr viel Spa\u00df! &nbsp; Training 3-6 Jahre Wann Donnerstag, 16:00 &#8211; 17:00 Uhr Ansprechpartner Birgit Reiff Spielerisch vermitteln wir erste Grundlagen von [&hellip;]<\/p>\n","protected":false},"author":1,"featured_media":3372,"parent":0,"menu_order":0,"comment_status":"closed","ping_status":"closed","template":"","meta":{"_et_pb_use_builder":"on","_et_pb_old_content":"<!-- wp:divi\/placeholder \/-->","_et_gb_content_width":"","inline_featured_image":false,"footnotes":""},"class_list":["post-35","page","type-page","status-publish","has-post-thumbnail","hentry"],"_links":{"self":[{"href":"https:\/\/tus-honau.de\/index.php?rest_route=\/wp\/v2\/pages\/35","targetHints":{"allow":["GET"]}}],"collection":[{"href":"https:\/\/tus-honau.de\/index.php?rest_route=\/wp\/v2\/pages"}],"about":[{"href":"https:\/\/tus-honau.de\/index.php?rest_route=\/wp\/v2\/types\/page"}],"author":[{"embeddable":true,"href":"https:\/\/tus-honau.de\/index.php?rest_route=\/wp\/v2\/users\/1"}],"replies":[{"embeddable":true,"href":"https:\/\/tus-honau.de\/index.php?rest_route=%2Fwp%2Fv2%2Fcomments&post=35"}],"version-history":[{"count":16,"href":"https:\/\/tus-honau.de\/index.php?rest_route=\/wp\/v2\/pages\/35\/revisions"}],"predecessor-version":[{"id":4652,"href":"https:\/\/tus-honau.de\/index.php?rest_route=\/wp\/v2\/pages\/35\/revisions\/4652"}],"wp:featuredmedia":[{"embeddable":true,"href":"https:\/\/tus-honau.de\/index.php?rest_route=\/wp\/v2\/media\/3372"}],"wp:attachment":[{"href":"https:\/\/tus-honau.de\/index.php?rest_route=%2Fwp%2Fv2%2Fmedia&parent=35"}],"curies":[{"name":"wp","href":"https:\/\/api.w.org\/{rel}","templated":true}]}}