{"id":31,"date":"2021-09-07T19:05:08","date_gmt":"2021-09-07T19:05:08","guid":{"rendered":"https:\/\/neu.tus-honau.de\/?page_id=31"},"modified":"2022-03-17T11:28:38","modified_gmt":"2022-03-17T09:28:38","slug":"fit-spass","status":"publish","type":"page","link":"https:\/\/tus-honau.de\/?page_id=31","title":{"rendered":"Fit &#038; Spass"},"content":{"rendered":"<p>[et_pb_section fb_built=&#8220;1&#8243; _builder_version=&#8220;4.10.6&#8243; _module_preset=&#8220;default&#8220; global_colors_info=&#8220;{}&#8220; theme_builder_area=&#8220;post_content&#8220;][et_pb_row _builder_version=&#8220;4.10.6&#8243; _module_preset=&#8220;default&#8220; global_colors_info=&#8220;{}&#8220; theme_builder_area=&#8220;post_content&#8220;][et_pb_column type=&#8220;4_4&#8243; _builder_version=&#8220;4.10.6&#8243; _module_preset=&#8220;default&#8220; global_colors_info=&#8220;{}&#8220; theme_builder_area=&#8220;post_content&#8220;][et_pb_text _builder_version=&#8220;4.10.6&#8243; _module_preset=&#8220;default&#8220; global_colors_info=&#8220;{}&#8220; theme_builder_area=&#8220;post_content&#8220;]<\/p>\n<div class=\"infobox\">\n<h4>Training<\/h4>\n<table>\n<tbody>\n<tr>\n<td>Wann<\/td>\n<td>Freitags, 20:15 Uhr<\/td>\n<\/tr>\n<tr>\n<td>Wo<\/td>\n<td>Echazhalle Honau<\/td>\n<\/tr>\n<tr>\n<td>Ansprechpartner<\/td>\n<td>Werner Glasbrenner<br \/>\nTel.: 07129 \/ 9303415<br \/>\nw.glasi@gmx.de<\/td>\n<\/tr>\n<\/tbody>\n<\/table>\n<\/div>\n<p>Wer hat Lust sich ohne Zwang zu bewegen?<\/p>\n<p>Wir sind eine \u00dc40-M\u00e4nnertruppe, welche die Beweglichkeit, Koordination und Kr\u00e4ftigung ihrer K\u00f6rper ernst nimmt.<br \/>\nDurch eine 1-st\u00fcndige, musikunterst\u00fctzte Gymnastik werden K\u00f6rper und Geist getrimmt.<br \/>\nAnschlie\u00dfend bewegen wir unsere Knochen noch zu ein paar S\u00e4tzen Volleyball.<br \/>\nZum geselligen Beisammensein folgt nach getaner Arbeit der Einkehrschwung.<\/p>\n<p>Wir freuen uns immer auf neue Gesichter[\/et_pb_text][el_masonry_gallery number_of_columns=&#8220;3&#8243; enable_lightbox=&#8220;on&#8220; _builder_version=&#8220;4.14.9&#8243; _module_preset=&#8220;default&#8220; hover_enabled=&#8220;0&#8243; global_colors_info=&#8220;{}&#8220; theme_builder_area=&#8220;post_content&#8220; image_ids=&#8220;3438,3439,3440,3441,3442,3443,3444,3445,3446,3447&#8243; show_title=&#8220;off&#8220; sticky_enabled=&#8220;0&#8243;][\/el_masonry_gallery][\/et_pb_column][\/et_pb_row][\/et_pb_section]<\/p>\n","protected":false},"excerpt":{"rendered":"<p>Training Wann Freitags, 20:15 Uhr Wo Echazhalle Honau Ansprechpartner Werner Glasbrenner Tel.: 07129 \/ 9303415 w.glasi@gmx.de Wer hat Lust sich ohne Zwang zu bewegen? Wir sind eine \u00dc40-M\u00e4nnertruppe, welche die Beweglichkeit, Koordination und Kr\u00e4ftigung ihrer K\u00f6rper ernst nimmt. Durch eine 1-st\u00fcndige, musikunterst\u00fctzte Gymnastik werden K\u00f6rper und Geist getrimmt. Anschlie\u00dfend bewegen wir unsere Knochen noch zu [&hellip;]<\/p>\n","protected":false},"author":1,"featured_media":3123,"parent":0,"menu_order":0,"comment_status":"closed","ping_status":"closed","template":"","meta":{"_et_pb_use_builder":"on","_et_pb_old_content":"<!-- wp:divi\/placeholder \/-->","_et_gb_content_width":"","inline_featured_image":false,"footnotes":""},"class_list":["post-31","page","type-page","status-publish","has-post-thumbnail","hentry"],"_links":{"self":[{"href":"https:\/\/tus-honau.de\/index.php?rest_route=\/wp\/v2\/pages\/31","targetHints":{"allow":["GET"]}}],"collection":[{"href":"https:\/\/tus-honau.de\/index.php?rest_route=\/wp\/v2\/pages"}],"about":[{"href":"https:\/\/tus-honau.de\/index.php?rest_route=\/wp\/v2\/types\/page"}],"author":[{"embeddable":true,"href":"https:\/\/tus-honau.de\/index.php?rest_route=\/wp\/v2\/users\/1"}],"replies":[{"embeddable":true,"href":"https:\/\/tus-honau.de\/index.php?rest_route=%2Fwp%2Fv2%2Fcomments&post=31"}],"version-history":[{"count":7,"href":"https:\/\/tus-honau.de\/index.php?rest_route=\/wp\/v2\/pages\/31\/revisions"}],"predecessor-version":[{"id":3448,"href":"https:\/\/tus-honau.de\/index.php?rest_route=\/wp\/v2\/pages\/31\/revisions\/3448"}],"wp:featuredmedia":[{"embeddable":true,"href":"https:\/\/tus-honau.de\/index.php?rest_route=\/wp\/v2\/media\/3123"}],"wp:attachment":[{"href":"https:\/\/tus-honau.de\/index.php?rest_route=%2Fwp%2Fv2%2Fmedia&parent=31"}],"curies":[{"name":"wp","href":"https:\/\/api.w.org\/{rel}","templated":true}]}}