{"id":29,"date":"2021-09-07T19:04:57","date_gmt":"2021-09-07T19:04:57","guid":{"rendered":"https:\/\/neu.tus-honau.de\/?page_id=29"},"modified":"2024-11-11T15:43:43","modified_gmt":"2024-11-11T13:43:43","slug":"fitness","status":"publish","type":"page","link":"https:\/\/tus-honau.de\/?page_id=29","title":{"rendered":"Fitness"},"content":{"rendered":"<p>[et_pb_section fb_built=&#8220;1&#8243; _builder_version=&#8220;4.16&#8243; _module_preset=&#8220;default&#8220; global_colors_info=&#8220;{}&#8220; theme_builder_area=&#8220;post_content&#8220;][et_pb_row _builder_version=&#8220;4.16&#8243; _module_preset=&#8220;default&#8220; custom_padding=&#8220;0px|0px|30px|0px|false|false&#8220; global_colors_info=&#8220;{}&#8220; theme_builder_area=&#8220;post_content&#8220;][et_pb_column type=&#8220;4_4&#8243; _builder_version=&#8220;4.16&#8243; _module_preset=&#8220;default&#8220; global_colors_info=&#8220;{}&#8220; theme_builder_area=&#8220;post_content&#8220;][et_pb_text _builder_version=&#8220;4.23.1&#8243; _module_preset=&#8220;default&#8220; custom_margin=&#8220;||-3px|||&#8220; hover_enabled=&#8220;0&#8243; global_colors_info=&#8220;{}&#8220; theme_builder_area=&#8220;post_content&#8220; sticky_enabled=&#8220;0&#8243;]<\/p>\n<div class=\"infobox\">\n<h4>Training<\/h4>\n<table>\n<tbody>\n<tr>\n<td>Wann<\/td>\n<td>Dienstag, 20:30 Uhr<\/td>\n<\/tr>\n<tr>\n<td>Wo<\/td>\n<td>Echazhalle Honau<\/td>\n<\/tr>\n<tr>\n<td>Abteilungsleiterin<\/td>\n<td>Birgit Reiff<br \/>Tel.: 07129 \/ 930967<br \/><a href=\"mailto:\/\/pralinenbaerchen@web.de\"><span>pralinenbaerchen@web.de<\/span><\/a><\/td>\n<\/tr>\n<tr>\n<td>Trainerin<\/td>\n<td>Dagmar Gekeler-Magarinos<\/td>\n<\/tr>\n<\/tbody>\n<\/table>\n<\/div>\n<p>Wir freuen uns auf sch\u00f6ne und intensive Trainingseinheiten, die wir mit euch erleben d\u00fcrfen. Jede Woche ein anderes Programm &#8211; so macht Sport Spa\u00df, ist abwechslungsreich und effektiv. Einfach gut f\u00fcr K\u00f6rper und Seele!<\/p>\n<p>Unsere Trainingsangebote im w\u00f6chentlich wechselnden Turnus:<\/p>\n<ul>\n<li>Workout Bauch &#8211; Beine &#8211; Po<\/li>\n<li>R\u00fccken &#8211; Fit<\/li>\n<li>Step &#8211; Aerobic<\/li>\n<li>Salsa &#8211; Aerobic<\/li>\n<li>Fitbox<\/li>\n<li>Pilates<\/li>\n<\/ul>\n<p>Trainingsbeginn ist immer um 20:30 Uhr in der Echaz Sporthalle in Honau.<\/p>\n<p>Neu- und Wiedereinsteiger\/innen in jeder Altergruppe sind immer herzlich Willkommen.<\/p>\n<p>Wir freuen uns auf Euch!<\/p>\n<p>Dagmar GM und Birgit R. und das gesamte Fitness-Team.<\/p>\n<p>[\/et_pb_text][\/et_pb_column][\/et_pb_row][\/et_pb_section]<\/p>\n","protected":false},"excerpt":{"rendered":"<p>Training Wann Dienstag, 20:30 Uhr Wo Echazhalle Honau Abteilungsleiterin Birgit ReiffTel.: 07129 \/ 930967pralinenbaerchen@web.de Trainerin Dagmar Gekeler-Magarinos Wir freuen uns auf sch\u00f6ne und intensive Trainingseinheiten, die wir mit euch erleben d\u00fcrfen. Jede Woche ein anderes Programm &#8211; so macht Sport Spa\u00df, ist abwechslungsreich und effektiv. Einfach gut f\u00fcr K\u00f6rper und Seele! Unsere Trainingsangebote im w\u00f6chentlich [&hellip;]<\/p>\n","protected":false},"author":1,"featured_media":3211,"parent":0,"menu_order":0,"comment_status":"closed","ping_status":"closed","template":"","meta":{"_et_pb_use_builder":"on","_et_pb_old_content":"<!-- wp:divi\/placeholder \/-->","_et_gb_content_width":"","inline_featured_image":false,"footnotes":""},"class_list":["post-29","page","type-page","status-publish","has-post-thumbnail","hentry"],"_links":{"self":[{"href":"https:\/\/tus-honau.de\/index.php?rest_route=\/wp\/v2\/pages\/29","targetHints":{"allow":["GET"]}}],"collection":[{"href":"https:\/\/tus-honau.de\/index.php?rest_route=\/wp\/v2\/pages"}],"about":[{"href":"https:\/\/tus-honau.de\/index.php?rest_route=\/wp\/v2\/types\/page"}],"author":[{"embeddable":true,"href":"https:\/\/tus-honau.de\/index.php?rest_route=\/wp\/v2\/users\/1"}],"replies":[{"embeddable":true,"href":"https:\/\/tus-honau.de\/index.php?rest_route=%2Fwp%2Fv2%2Fcomments&post=29"}],"version-history":[{"count":20,"href":"https:\/\/tus-honau.de\/index.php?rest_route=\/wp\/v2\/pages\/29\/revisions"}],"predecessor-version":[{"id":4255,"href":"https:\/\/tus-honau.de\/index.php?rest_route=\/wp\/v2\/pages\/29\/revisions\/4255"}],"wp:featuredmedia":[{"embeddable":true,"href":"https:\/\/tus-honau.de\/index.php?rest_route=\/wp\/v2\/media\/3211"}],"wp:attachment":[{"href":"https:\/\/tus-honau.de\/index.php?rest_route=%2Fwp%2Fv2%2Fmedia&parent=29"}],"curies":[{"name":"wp","href":"https:\/\/api.w.org\/{rel}","templated":true}]}}