{"id":27,"date":"2021-09-07T19:04:48","date_gmt":"2021-09-07T19:04:48","guid":{"rendered":"https:\/\/neu.tus-honau.de\/?page_id=27"},"modified":"2026-01-12T16:45:52","modified_gmt":"2026-01-12T14:45:52","slug":"fussball","status":"publish","type":"page","link":"https:\/\/tus-honau.de\/?page_id=27","title":{"rendered":"Fussball"},"content":{"rendered":"<p>[et_pb_section fb_built=&#8220;1&#8243; _builder_version=&#8220;4.16&#8243; _module_preset=&#8220;default&#8220; hover_enabled=&#8220;0&#8243; global_colors_info=&#8220;{}&#8220; sticky_enabled=&#8220;0&#8243;][et_pb_row _builder_version=&#8220;4.16&#8243; _module_preset=&#8220;default&#8220; hover_enabled=&#8220;0&#8243; global_colors_info=&#8220;{}&#8220; sticky_enabled=&#8220;0&#8243;][et_pb_column type=&#8220;4_4&#8243; _builder_version=&#8220;4.16&#8243; _module_preset=&#8220;default&#8220; global_colors_info=&#8220;{}&#8220;][et_pb_text _builder_version=&#8220;4.27.4&#8243; _module_preset=&#8220;default&#8220; hover_enabled=&#8220;0&#8243; global_colors_info=&#8220;{}&#8220; sticky_enabled=&#8220;0&#8243;]<\/p>\n<h3>Als FC Lichtenstien in die Zukunft<\/h3>\n<p>Gemeinsam gewachsen, gemeinsam stark:<br data-start=\"417\" data-end=\"420\" \/>Die aktiven Fu\u00dfballabteilungen des TuS Honau und des TV Unterhausen wurden eins.<br data-start=\"465\" data-end=\"468\" \/>Der FC Lichtenstein f\u00fchrt den aktiven Fu\u00dfball beider Vereine mit Leidenschaft, Teamgeist und Tradition weiter.<\/p>\n<p>Folgt dem Link zur neuen Homepage des FCL!\u00a0<span><\/span><\/p>\n<p><span><\/span><\/p>\n<p><a href=\"https:\/\/fc-lichtenstein.de\/\">Startseite (fc-lichtenstein.de)<\/a><\/p>\n<p>&nbsp;<\/p>\n<p>&nbsp;<\/p>\n<p><span><\/span><\/p>\n<p>[\/et_pb_text][et_pb_text _builder_version=&#8220;4.27.4&#8243; _module_preset=&#8220;default&#8220; hover_enabled=&#8220;0&#8243; global_colors_info=&#8220;{}&#8220; sticky_enabled=&#8220;0&#8243;]<\/p>\n<h4>Neues LED-Flutlicht<\/h4>\n<p><span style=\"font-size: 14px;\">Unsere neue LED-Flutlichtanlage ist inzwischen schon eine ganze Weile im Einsatz und bietet nun auch in der dunklen Jahreszeit optimale Trainingsbedingungen. Durch zus\u00e4tzliche neue Trainingsausr\u00fcstung wird der Trainerstab das Training auch individuell und abwechslungsreich gestalten k\u00f6nnen.<\/span><\/p>\n<p><span style=\"font-size: 14px;\"><\/span><\/p>\n<p>[\/et_pb_text][et_pb_text _builder_version=&#8220;4.27.4&#8243; _module_preset=&#8220;default&#8220; custom_padding=&#8220;||30px|||&#8220; hover_enabled=&#8220;0&#8243; global_colors_info=&#8220;{}&#8220; sticky_enabled=&#8220;0&#8243;]<\/p>\n<h2 class=\"entry-title\"><strong><span style=\"font-size: 26px; color: #000000;\">Fussball AH<\/span><\/strong><span style=\"font-size: 26px;\"><\/span><\/h2>\n<div class=\"infobox\">\n<h4>Training<\/h4>\n<table>\n<tbody>\n<tr>\n<td>Wann<\/td>\n<td>Donnerstags, 20 Uhr<\/td>\n<\/tr>\n<tr>\n<td>Wo<\/td>\n<td>Sportgel\u00e4nde Honau<\/td>\n<\/tr>\n<tr>\n<td>Ansprechpartner<\/td>\n<td>Steffen Wei\u00dfschuh<\/td>\n<\/tr>\n<\/tbody>\n<\/table>\n<\/div>\n<p><span>Die AH ist eine Abteilung f\u00fcr jeden der Spa\u00df am Fu\u00dfball hat und sich nebenbei fit halten m\u00f6chte. Die meisten Spieler sind zwischen 30 und 50 Jahre alt. Ob ehemalige Spieler oder Quereinsteiger, jeder ist willkommen.<\/span><\/p>\n<p><span>Die Abteilung besteht nun schon seit einigen Jahrzehnten und blickt auf eine traditionsreiche Vergangenheit.<\/span><\/p>\n<p><span>Zus\u00e4tzlich zum w\u00f6chentlichen Training (donnerstags) pr\u00e4sentieren sich die junggebliebenen Kicker des TUS Honau regelm\u00e4\u00dfig an verschiedenen Turnieren in der Region.<\/span><\/p>\n<p><span>Au\u00dferdem messen sich die AH\u00b4ler immer wieder in Freundschaftsspielen gegen andere AH-Mannschaften.<\/span><\/p>\n<p><span>Neben dem sportlichen Erfolg stehen aber stets Fairness und der Spa\u00dffaktor im Vordergrund.<\/span><\/p>\n<p><span>Die AH Kicker freuen sich auf Dich!<\/span><\/p>\n<p>[\/et_pb_text][el_masonry_gallery image_ids=&#8220;3394,3395,3396,3397,3398,3399,3400,3401,3402,3403,3404,3405,3406,3407,3408,3409,3410,3411,3412,3413,3414,3415,3416,3417&#8243; number_of_columns=&#8220;3&#8243; show_title=&#8220;off&#8220; enable_lightbox=&#8220;on&#8220; _builder_version=&#8220;4.16&#8243; _module_preset=&#8220;default&#8220; global_colors_info=&#8220;{}&#8220;][\/el_masonry_gallery][\/et_pb_column][\/et_pb_row][et_pb_row _builder_version=&#8220;4.16&#8243; _module_preset=&#8220;default&#8220; global_colors_info=&#8220;{}&#8220;][et_pb_column type=&#8220;4_4&#8243; _builder_version=&#8220;4.16&#8243; _module_preset=&#8220;default&#8220; global_colors_info=&#8220;{}&#8220;][et_pb_text _builder_version=&#8220;4.16&#8243; _module_preset=&#8220;default&#8220; global_colors_info=&#8220;{}&#8220;]<\/p>\n<h3>Schiedsrichter<\/h3>\n<p>[\/et_pb_text][\/et_pb_column][\/et_pb_row][et_pb_row _builder_version=&#8220;4.16&#8243; _module_preset=&#8220;default&#8220; global_colors_info=&#8220;{}&#8220;][et_pb_column type=&#8220;4_4&#8243; module_class=&#8220;trainer_container&#8220; _builder_version=&#8220;4.16&#8243; _module_preset=&#8220;default&#8220; global_colors_info=&#8220;{}&#8220;][et_pb_team_member name=&#8220;Bj\u00f6rn Vielberth&#8220; position=&#8220;Schiedsrichter&#8220; image_url=&#8220;https:\/\/tus-honau.de\/wp-content\/uploads\/2022\/03\/bjoern_vielberth.jpg&#8220; _builder_version=&#8220;4.16&#8243; _module_preset=&#8220;152cdeea-1773-46b8-b974-4dd100015da2&#8243; global_colors_info=&#8220;{}&#8220;]<\/p>\n<p>Geboren: 26.11.1981<br \/>Verein: TuS Honau 1905 e.V.<br \/>Schiedsrichter seit: 1999<br \/>Amateurliga seit: 2002<br \/>Aktuelle Liga: Oberliga, B-Junioren Regionalliga, SRA Regionalliga<br \/>H\u00f6chste Liga: Oberliga<br \/>Sonstiges: SRA in der A-Junioren Bundesliga<\/p>\n<p>Wir freuen uns,\u00a0dass mit Bj\u00f6rn Vielberth einer der erfolgreichsten Schiedsrichter<br \/>in der Schiedsrichtergruppe Reutlingen f\u00fcr den TuS Honau pfeift.<br \/>Wir w\u00fcnschen ihm alles Gute und weiterhin viel Erfolg !<\/p>\n<p>Bis zur A-Jugend in der SG Lichtenstein\u00a0und anschlie\u00dfend noch als aktiver Spieler schn\u00fcrte er\u00a0f\u00fcr den TuS Honau mit eingebauter Torgarantie die Kickstiefel.<br \/>Als Spieler fehlt er uns,\u00a0umso mehr freuen wir dass er seine hervorragenden F\u00e4higkeiten<br \/>nun als Schiedsrichter f\u00fcr unseren Verein einbringt.<\/p>\n<p>[\/et_pb_team_member][\/et_pb_column][\/et_pb_row][\/et_pb_section]<\/p>\n","protected":false},"excerpt":{"rendered":"<p>Als FC Lichtenstien in die Zukunft Gemeinsam gewachsen, gemeinsam stark:Die aktiven Fu\u00dfballabteilungen des TuS Honau und des TV Unterhausen wurden eins.Der FC Lichtenstein f\u00fchrt den aktiven Fu\u00dfball beider Vereine mit Leidenschaft, Teamgeist und Tradition weiter. Folgt dem Link zur neuen Homepage des FCL!\u00a0 Startseite (fc-lichtenstein.de) &nbsp; &nbsp; Neues LED-Flutlicht Unsere neue LED-Flutlichtanlage ist inzwischen schon [&hellip;]<\/p>\n","protected":false},"author":1,"featured_media":3125,"parent":0,"menu_order":0,"comment_status":"closed","ping_status":"closed","template":"","meta":{"_et_pb_use_builder":"on","_et_pb_old_content":"<!-- wp:divi\/placeholder \/-->","_et_gb_content_width":"","inline_featured_image":false,"footnotes":""},"class_list":["post-27","page","type-page","status-publish","has-post-thumbnail","hentry"],"_links":{"self":[{"href":"https:\/\/tus-honau.de\/index.php?rest_route=\/wp\/v2\/pages\/27","targetHints":{"allow":["GET"]}}],"collection":[{"href":"https:\/\/tus-honau.de\/index.php?rest_route=\/wp\/v2\/pages"}],"about":[{"href":"https:\/\/tus-honau.de\/index.php?rest_route=\/wp\/v2\/types\/page"}],"author":[{"embeddable":true,"href":"https:\/\/tus-honau.de\/index.php?rest_route=\/wp\/v2\/users\/1"}],"replies":[{"embeddable":true,"href":"https:\/\/tus-honau.de\/index.php?rest_route=%2Fwp%2Fv2%2Fcomments&post=27"}],"version-history":[{"count":58,"href":"https:\/\/tus-honau.de\/index.php?rest_route=\/wp\/v2\/pages\/27\/revisions"}],"predecessor-version":[{"id":4655,"href":"https:\/\/tus-honau.de\/index.php?rest_route=\/wp\/v2\/pages\/27\/revisions\/4655"}],"wp:featuredmedia":[{"embeddable":true,"href":"https:\/\/tus-honau.de\/index.php?rest_route=\/wp\/v2\/media\/3125"}],"wp:attachment":[{"href":"https:\/\/tus-honau.de\/index.php?rest_route=%2Fwp%2Fv2%2Fmedia&parent=27"}],"curies":[{"name":"wp","href":"https:\/\/api.w.org\/{rel}","templated":true}]}}