{"id":21,"date":"2021-09-07T19:04:12","date_gmt":"2021-09-07T19:04:12","guid":{"rendered":"https:\/\/neu.tus-honau.de\/?page_id=21"},"modified":"2025-10-15T11:34:22","modified_gmt":"2025-10-15T09:34:22","slug":"sportheim","status":"publish","type":"page","link":"https:\/\/tus-honau.de\/?page_id=21","title":{"rendered":"Sportheim"},"content":{"rendered":"<p>[et_pb_section fb_built=&#8220;1&#8243; _builder_version=&#8220;4.16&#8243; _module_preset=&#8220;default&#8220; hover_enabled=&#8220;0&#8243; global_colors_info=&#8220;{}&#8220; sticky_enabled=&#8220;0&#8243;][et_pb_row _builder_version=&#8220;4.16&#8243; _module_preset=&#8220;default&#8220; hover_enabled=&#8220;0&#8243; global_colors_info=&#8220;{}&#8220; sticky_enabled=&#8220;0&#8243;][et_pb_column type=&#8220;4_4&#8243; _builder_version=&#8220;4.16&#8243; _module_preset=&#8220;default&#8220; global_colors_info=&#8220;{}&#8220;][et_pb_text _builder_version=&#8220;4.27.4&#8243; _module_preset=&#8220;default&#8220; link_option_url_new_window=&#8220;on&#8220; hover_enabled=&#8220;0&#8243; global_colors_info=&#8220;{}&#8220; sticky_enabled=&#8220;0&#8243;]<\/p>\n<div class=\"infobox\">\n<h4><strong>\u00a0\u00d6ffnungszeiten<\/strong><\/h4>\n<table width=\"385\" height=\"218\" style=\"width: 367px;\">\n<tbody>\n<tr>\n<td style=\"width: 70.7812px;\"><strong>Wann<\/strong><\/td>\n<td style=\"width: 296.207px;\">\n<p>Montag &#8211; Freitag 17:00 &#8211; 22:00 Uhr<\/p>\n<p>Samstag &#8211; Sonntag 11:00 &#8211; 22:00 Uhr<\/p>\n<p>Dienstag Ruhetag<\/p>\n<\/td>\n<\/tr>\n<tr>\n<td style=\"width: 70.7812px;\"><strong>K\u00fcche<\/strong><\/td>\n<td style=\"width: 296.207px;\">\u00a0Durchgehend warme K\u00fcche<\/td>\n<\/tr>\n<tr>\n<td style=\"width: 70.7812px;\"><strong>Telefon<\/strong><\/td>\n<td style=\"width: 296.207px;\">\n<p><span style=\"font-size: 14px;\">Sportheim: 07129 \/ 9305115<\/span><\/p>\n<p>Mobil:<\/p>\n<\/td>\n<\/tr>\n<tr>\n<td style=\"width: 70.7812px;\"><strong>E-Mail\u00a0<\/strong><\/td>\n<td style=\"width: 296.207px;\"><a href=\"mailto:tushonau@karampies@gmail.com\" target=\"_blank\" rel=\"noopener\">tushonau@karampies@gmail.com<\/a><\/td>\n<\/tr>\n<\/tbody>\n<\/table>\n<\/div>\n<p>&nbsp;<\/p>\n<h3>Wir \u00fcber uns<\/h3>\n<p data-start=\"184\" data-end=\"398\">Seit dem 29.05.2025 hei\u00dfen wir \u2013 die Familie Karampies \u2013 Sie herzlich willkommen im Sportheim Honau, das wir mit viel Liebe und Leidenschaft in ein feines griechisches Restaurant verwandelt haben.<\/p>\n<p data-start=\"400\" data-end=\"691\">Freuen Sie sich auf traditionelle griechische K\u00fcche mit authentischem Geschmack, frischen Zutaten und famili\u00e4rer Herzlichkeit. Ob Klassiker wie k\u00f6stlicher Mezedes, saftige Grillgerichte oder traditionellen Rezepten aus unserer Heimat \u2013 bei uns erleben Sie ein St\u00fcck Griechenland mitten in Honau.<\/p>\n<p data-start=\"693\" data-end=\"909\">Unser Ziel ist es, nicht nur gutes Essen zu servieren, sondern einen Ort zu schaffen, an dem Sie sich wohlf\u00fchlen und genie\u00dfen k\u00f6nnen \u2013 sei es nach dem Sport, mit Freunden oder bei einem besonderen Anlass.<\/p>\n<p data-start=\"693\" data-end=\"909\"><strong data-start=\"889\" data-end=\"951\">Folgen Sie uns auf <a href=\"https:\/\/www.instagram.com\/karampies_restaurant?igsh=MW1wOXh1bmxzZmluYw==\" target=\"_blank\" rel=\"noopener\">Instagram<\/a><\/strong>, um einen Blick hinter die Kulissen zu werfen, aktuelle Angebote zu entdecken und sich Appetit auf Ihre n\u00e4chste Mahlzeit bei uns zu holen!<\/p>\n<p data-start=\"693\" data-end=\"909\">Kommen Sie vorbei und \u00fcberzeugen Sie sich selbst \u2013 wir freuen uns auf Ihren Besuch!<br data-start=\"994\" data-end=\"997\" \/><strong data-start=\"997\" data-end=\"1023\">Ihre Familie Karampies<\/strong><\/p>\n<p>[\/et_pb_text][et_pb_text _builder_version=&#8220;4.23.1&#8243; _module_preset=&#8220;default&#8220; global_colors_info=&#8220;{}&#8220;]<\/p>\n<h4><\/h4>\n<div id=\"page\" class=\"hfeed\">\n<p>&nbsp;<\/p>\n<\/div>\n<p>[\/et_pb_text][\/et_pb_column][\/et_pb_row][et_pb_row _builder_version=&#8220;4.16&#8243; _module_preset=&#8220;default&#8220; global_colors_info=&#8220;{}&#8220;][et_pb_column type=&#8220;4_4&#8243; _builder_version=&#8220;4.16&#8243; _module_preset=&#8220;default&#8220; global_colors_info=&#8220;{}&#8220;][et_pb_image src=&#8220;https:\/\/tus-honau.de\/wp-content\/uploads\/2025\/06\/Karampies.jpg&#8220; _builder_version=&#8220;4.23.1&#8243; _module_preset=&#8220;default&#8220; global_colors_info=&#8220;{}&#8220;][\/et_pb_image][\/et_pb_column][\/et_pb_row][\/et_pb_section]<\/p>\n","protected":false},"excerpt":{"rendered":"<p>\u00a0\u00d6ffnungszeiten Wann Montag &#8211; Freitag 17:00 &#8211; 22:00 Uhr Samstag &#8211; Sonntag 11:00 &#8211; 22:00 Uhr Dienstag Ruhetag K\u00fcche \u00a0Durchgehend warme K\u00fcche Telefon Sportheim: 07129 \/ 9305115 Mobil: E-Mail\u00a0 tushonau@karampies@gmail.com &nbsp; Wir \u00fcber uns Seit dem 29.05.2025 hei\u00dfen wir \u2013 die Familie Karampies \u2013 Sie herzlich willkommen im Sportheim Honau, das wir mit viel Liebe [&hellip;]<\/p>\n","protected":false},"author":1,"featured_media":2619,"parent":0,"menu_order":0,"comment_status":"closed","ping_status":"closed","template":"","meta":{"_et_pb_use_builder":"on","_et_pb_old_content":"<!-- wp:divi\/placeholder \/-->","_et_gb_content_width":"","inline_featured_image":false,"footnotes":""},"class_list":["post-21","page","type-page","status-publish","has-post-thumbnail","hentry"],"_links":{"self":[{"href":"https:\/\/tus-honau.de\/index.php?rest_route=\/wp\/v2\/pages\/21","targetHints":{"allow":["GET"]}}],"collection":[{"href":"https:\/\/tus-honau.de\/index.php?rest_route=\/wp\/v2\/pages"}],"about":[{"href":"https:\/\/tus-honau.de\/index.php?rest_route=\/wp\/v2\/types\/page"}],"author":[{"embeddable":true,"href":"https:\/\/tus-honau.de\/index.php?rest_route=\/wp\/v2\/users\/1"}],"replies":[{"embeddable":true,"href":"https:\/\/tus-honau.de\/index.php?rest_route=%2Fwp%2Fv2%2Fcomments&post=21"}],"version-history":[{"count":38,"href":"https:\/\/tus-honau.de\/index.php?rest_route=\/wp\/v2\/pages\/21\/revisions"}],"predecessor-version":[{"id":4600,"href":"https:\/\/tus-honau.de\/index.php?rest_route=\/wp\/v2\/pages\/21\/revisions\/4600"}],"wp:featuredmedia":[{"embeddable":true,"href":"https:\/\/tus-honau.de\/index.php?rest_route=\/wp\/v2\/media\/2619"}],"wp:attachment":[{"href":"https:\/\/tus-honau.de\/index.php?rest_route=%2Fwp%2Fv2%2Fmedia&parent=21"}],"curies":[{"name":"wp","href":"https:\/\/api.w.org\/{rel}","templated":true}]}}